{"id":165,"date":"2018-03-28T10:20:56","date_gmt":"2018-03-28T10:20:56","guid":{"rendered":"https:\/\/www.prelud.hu\/?page_id=165"},"modified":"2018-04-24T10:12:43","modified_gmt":"2018-04-24T10:12:43","slug":"tamogatoink","status":"publish","type":"page","link":"https:\/\/www.prelud.hu\/index.php\/tamogatoink\/","title":{"rendered":"T\u00e1mogat\u00f3ink"},"content":{"rendered":"<p style=\"text-align: center;\"><a href=\"http:\/\/www.jacsa.net\"><img loading=\"lazy\" decoding=\"async\" class=\"size-full wp-image-239 aligncenter\" src=\"https:\/\/www.prelud.hu\/wp-content\/uploads\/2018\/04\/logo20110815-t\u0151l-kisebb.jpg\" alt=\"\" width=\"328\" height=\"81\" srcset=\"https:\/\/www.prelud.hu\/wp-content\/uploads\/2018\/04\/logo20110815-t\u0151l-kisebb.jpg 328w, https:\/\/www.prelud.hu\/wp-content\/uploads\/2018\/04\/logo20110815-t\u0151l-kisebb-300x74.jpg 300w\" sizes=\"auto, (max-width: 328px) 100vw, 328px\" \/><\/a><span style=\"color: #008000; font-family: Arial; font-size: small;\"><span class=\"100323411-23042018\">A jacsa.NET Kft. 2005 \u00f3ta m\u0171k\u00f6d\u0151 m\u00e1nyi sz\u00e9khely\u0171\u00a0<\/span><\/span><span style=\"font-family: Arial; font-size: small;\"><span class=\"100323411-23042018\"><span style=\"color: #008000;\">internet szolg\u00e1ltat\u00f3.\u00a0Helyi szolg\u00e1ltat\u00f3k\u00e9nt\u00a0t\u00e1mogat\u00e1s\u00e1val\u00a0 ahhoz k\u00edv\u00e1n\u00a0 hozz\u00e1j\u00e1rulni, hogy min\u00e9l t\u00f6bb k\u00f6rny\u00e9kbeli gyermek r\u00e9szes\u00fclhessen a m\u0171v\u00e9szeti nevel\u00e9s alapjaiban.<\/span><\/span><\/span><\/p>\n<hr \/>\n<p>&nbsp;<\/p>\n","protected":false},"excerpt":{"rendered":"<p>A jacsa.NET Kft. 2005 \u00f3ta m\u0171k\u00f6d\u0151 m\u00e1nyi sz\u00e9khely\u0171\u00a0internet szolg\u00e1ltat\u00f3.\u00a0Helyi szolg\u00e1ltat\u00f3k\u00e9nt\u00a0t\u00e1mogat\u00e1s\u00e1val\u00a0 ahhoz k\u00edv\u00e1n\u00a0 hozz\u00e1j\u00e1rulni, hogy min\u00e9l t\u00f6bb k\u00f6rny\u00e9kbeli gyermek r\u00e9szes\u00fclhessen a m\u0171v\u00e9szeti nevel\u00e9s alapjaiban. &nbsp;<\/p>\n","protected":false},"author":2,"featured_media":0,"parent":0,"menu_order":0,"comment_status":"closed","ping_status":"closed","template":"","meta":{"footnotes":""},"class_list":["post-165","page","type-page","status-publish","hentry"],"_links":{"self":[{"href":"https:\/\/www.prelud.hu\/index.php\/wp-json\/wp\/v2\/pages\/165","targetHints":{"allow":["GET"]}}],"collection":[{"href":"https:\/\/www.prelud.hu\/index.php\/wp-json\/wp\/v2\/pages"}],"about":[{"href":"https:\/\/www.prelud.hu\/index.php\/wp-json\/wp\/v2\/types\/page"}],"author":[{"embeddable":true,"href":"https:\/\/www.prelud.hu\/index.php\/wp-json\/wp\/v2\/users\/2"}],"replies":[{"embeddable":true,"href":"https:\/\/www.prelud.hu\/index.php\/wp-json\/wp\/v2\/comments?post=165"}],"version-history":[{"count":12,"href":"https:\/\/www.prelud.hu\/index.php\/wp-json\/wp\/v2\/pages\/165\/revisions"}],"predecessor-version":[{"id":240,"href":"https:\/\/www.prelud.hu\/index.php\/wp-json\/wp\/v2\/pages\/165\/revisions\/240"}],"wp:attachment":[{"href":"https:\/\/www.prelud.hu\/index.php\/wp-json\/wp\/v2\/media?parent=165"}],"curies":[{"name":"wp","href":"https:\/\/api.w.org\/{rel}","templated":true}]}}