{"id":52,"date":"2017-10-19T08:32:07","date_gmt":"2017-10-19T08:32:07","guid":{"rendered":"https:\/\/www.prelud.hu\/?page_id=52"},"modified":"2024-12-09T21:40:26","modified_gmt":"2024-12-09T21:40:26","slug":"alapdokumentumok","status":"publish","type":"page","link":"https:\/\/www.prelud.hu\/index.php\/alapdokumentumok\/","title":{"rendered":"Alapdokumentumok"},"content":{"rendered":"<ul>\n<li><a href=\"https:\/\/www.prelud.hu\/wp-content\/uploads\/2024\/12\/Szakmai-Alapdokumentum.pdf\">Szakmai Alapdokumentum<\/a><\/li>\n<li style=\"text-align: left;\"><a href=\"https:\/\/www.prelud.hu\/wp-content\/uploads\/2024\/12\/SZMSZ2024-45.docx\">SZMSZ2024-45<\/a><\/li>\n<li style=\"text-align: left;\"><a href=\"https:\/\/www.prelud.hu\/wp-content\/uploads\/2024\/12\/PP20242.pdf\">PP20242<\/a><\/li>\n<li><a href=\"https:\/\/www.prelud.hu\/wp-content\/uploads\/2023\/12\/intezmenyi-tanfelugyelet-ertekeles.pdf\"><strong><span style=\"color: #000000;\">Int\u00e9zm\u00e9nyi tanfel\u00fcgyelet \u00e9rt\u00e9kel\u00e9s<\/span><\/strong><\/a><\/li>\n<li><a href=\"https:\/\/www.prelud.hu\/wp-content\/uploads\/2023\/12\/Vezetoi-Tanfelugyelet-ertekeles-2023.pdf\"><strong>Vezet\u0151i tanfel\u00fcgyelet \u00e9rt\u00e9kel\u00e9s<\/strong><\/a><\/li>\n<li><a href=\"https:\/\/www.prelud.hu\/wp-content\/uploads\/2018\/01\/kulonoslista.pdf\" target=\"_blank\" rel=\"noopener noreferrer\"><strong><span style=\"color: #000000;\">K\u00fcl\u00f6n\u00f6s k\u00f6zz\u00e9t\u00e9teli lista<\/span><\/strong><\/a><\/li>\n<li><a href=\"https:\/\/www.prelud.hu\/wp-content\/uploads\/2020\/11\/Vezetesi-program_Sulyokne-Guba-Judit_honlapra.pdf\" target=\"_blank\" rel=\"noopener noreferrer\"><strong><span class=\"gmail_default\"><span style=\"color: #000000;\">Vezet\u0151i program<\/span><\/span><\/strong><\/a><\/li>\n<li><a href=\"https:\/\/www.prelud.hu\/wp-content\/uploads\/2024\/12\/Munkaterv2024-2025.docx\">Munkaterv2024-2025<\/a><\/li>\n<li><a href=\"https:\/\/www.prelud.hu\/wp-content\/uploads\/2024\/12\/Hazirend202425.doc\">H\u00e1zirend202425<\/a><\/li>\n<\/ul>\n<p><!--more--><\/p>\n\n\n<p><\/p>\n\n\n\n<p><\/p>\n\n\n\n<p><\/p>\n\n\n\n<p><\/p>\n","protected":false},"excerpt":{"rendered":"<p>Szakmai Alapdokumentum SZMSZ2024-45 PP20242 Int\u00e9zm\u00e9nyi tanfel\u00fcgyelet \u00e9rt\u00e9kel\u00e9s Vezet\u0151i tanfel\u00fcgyelet \u00e9rt\u00e9kel\u00e9s K\u00fcl\u00f6n\u00f6s k\u00f6zz\u00e9t\u00e9teli lista Vezet\u0151i program Munkaterv2024-2025 H\u00e1zirend202425<\/p>\n","protected":false},"author":2,"featured_media":0,"parent":0,"menu_order":0,"comment_status":"closed","ping_status":"closed","template":"","meta":{"footnotes":""},"class_list":["post-52","page","type-page","status-publish","hentry"],"_links":{"self":[{"href":"https:\/\/www.prelud.hu\/index.php\/wp-json\/wp\/v2\/pages\/52","targetHints":{"allow":["GET"]}}],"collection":[{"href":"https:\/\/www.prelud.hu\/index.php\/wp-json\/wp\/v2\/pages"}],"about":[{"href":"https:\/\/www.prelud.hu\/index.php\/wp-json\/wp\/v2\/types\/page"}],"author":[{"embeddable":true,"href":"https:\/\/www.prelud.hu\/index.php\/wp-json\/wp\/v2\/users\/2"}],"replies":[{"embeddable":true,"href":"https:\/\/www.prelud.hu\/index.php\/wp-json\/wp\/v2\/comments?post=52"}],"version-history":[{"count":5,"href":"https:\/\/www.prelud.hu\/index.php\/wp-json\/wp\/v2\/pages\/52\/revisions"}],"predecessor-version":[{"id":857,"href":"https:\/\/www.prelud.hu\/index.php\/wp-json\/wp\/v2\/pages\/52\/revisions\/857"}],"wp:attachment":[{"href":"https:\/\/www.prelud.hu\/index.php\/wp-json\/wp\/v2\/media?parent=52"}],"curies":[{"name":"wp","href":"https:\/\/api.w.org\/{rel}","templated":true}]}}